{"id":7040,"date":"2025-09-11T13:47:47","date_gmt":"2025-09-11T13:47:47","guid":{"rendered":"https:\/\/www.gltech.com.ar\/?post_type=product&#038;p=7040"},"modified":"2025-09-11T13:47:47","modified_gmt":"2025-09-11T13:47:47","slug":"accesorios-de-audio-para-trabajo-pesado","status":"publish","type":"product","link":"https:\/\/www.gltech.com.ar\/?product=accesorios-de-audio-para-trabajo-pesado","title":{"rendered":"Accesorios de Audio (para trabajo pesado)"},"content":{"rendered":"<p>El portafolio de accesorios para audio para trabajo pesado incluye m\u00faltiples l\u00edneas de producto. Desde<br \/>\nla l\u00ednea Motorola Originals, Accesorios Bluetooth, y Accesorios 3M-Peltor, los cuales ofrecen<br \/>\nm\u00faltiples soluciones la protecci\u00f3n auditiva en los entornos m\u00e1s exigentes.<\/p>\n<p>&nbsp;<\/p>\n<p><a href=\"https:\/\/www.gltech.com.ar\/wp-content\/uploads\/2025\/09\/CATALOGO-ACCESORIOS-DE-AUDIO-TRABAJO-PESADO.pdf\">VER CAT\u00c1LOGO COMPLETO<\/a><\/p>\n<p>&nbsp;<\/p>\n","protected":false},"excerpt":{"rendered":"<p>El portafolio de accesorios para audio para trabajo pesado incluye m\u00faltiples l\u00edneas de producto. Desde la l\u00ednea Motorola Originals, Accesorios Bluetooth, y Accesorios 3M-Peltor, los cuales ofrecen m\u00faltiples soluciones la protecci\u00f3n auditiva en los entornos m\u00e1s exigentes. &nbsp; VER CAT\u00c1LOGO COMPLETO &nbsp;<\/p>\n","protected":false},"featured_media":7041,"comment_status":"closed","ping_status":"closed","template":"","meta":{"site-sidebar-layout":"default","site-content-layout":"","ast-site-content-layout":"default","site-content-style":"default","site-sidebar-style":"default","ast-global-header-display":"","ast-banner-title-visibility":"","ast-main-header-display":"","ast-hfb-above-header-display":"","ast-hfb-below-header-display":"","ast-hfb-mobile-header-display":"","site-post-title":"","ast-breadcrumbs-content":"","ast-featured-img":"","footer-sml-layout":"","theme-transparent-header-meta":"default","adv-header-id-meta":"","stick-header-meta":"","header-above-stick-meta":"","header-main-stick-meta":"","header-below-stick-meta":"","astra-migrate-meta-layouts":"set","ast-page-background-enabled":"default","ast-page-background-meta":{"desktop":{"background-color":"var(--ast-global-color-4)","background-image":"","background-repeat":"repeat","background-position":"center center","background-size":"auto","background-attachment":"scroll","background-type":"","background-media":"","overlay-type":"","overlay-color":"","overlay-gradient":""},"tablet":{"background-color":"","background-image":"","background-repeat":"repeat","background-position":"center center","background-size":"auto","background-attachment":"scroll","background-type":"","background-media":"","overlay-type":"","overlay-color":"","overlay-gradient":""},"mobile":{"background-color":"","background-image":"","background-repeat":"repeat","background-position":"center center","background-size":"auto","background-attachment":"scroll","background-type":"","background-media":"","overlay-type":"","overlay-color":"","overlay-gradient":""}},"ast-content-background-meta":{"desktop":{"background-color":"var(--ast-global-color-5)","background-image":"","background-repeat":"repeat","background-position":"center center","background-size":"auto","background-attachment":"scroll","background-type":"","background-media":"","overlay-type":"","overlay-color":"","overlay-gradient":""},"tablet":{"background-color":"var(--ast-global-color-5)","background-image":"","background-repeat":"repeat","background-position":"center center","background-size":"auto","background-attachment":"scroll","background-type":"","background-media":"","overlay-type":"","overlay-color":"","overlay-gradient":""},"mobile":{"background-color":"var(--ast-global-color-5)","background-image":"","background-repeat":"repeat","background-position":"center center","background-size":"auto","background-attachment":"scroll","background-type":"","background-media":"","overlay-type":"","overlay-color":"","overlay-gradient":""}}},"product_brand":[],"product_cat":[30],"product_tag":[],"class_list":{"0":"post-7040","1":"product","2":"type-product","3":"status-publish","4":"has-post-thumbnail","6":"product_cat-accesorios","7":"desktop-align-center","8":"tablet-align-left","9":"mobile-align-left","11":"first","12":"instock","13":"shipping-taxable","14":"product-type-simple"},"_links":{"self":[{"href":"https:\/\/www.gltech.com.ar\/index.php?rest_route=\/wp\/v2\/product\/7040","targetHints":{"allow":["GET"]}}],"collection":[{"href":"https:\/\/www.gltech.com.ar\/index.php?rest_route=\/wp\/v2\/product"}],"about":[{"href":"https:\/\/www.gltech.com.ar\/index.php?rest_route=\/wp\/v2\/types\/product"}],"replies":[{"embeddable":true,"href":"https:\/\/www.gltech.com.ar\/index.php?rest_route=%2Fwp%2Fv2%2Fcomments&post=7040"}],"wp:featuredmedia":[{"embeddable":true,"href":"https:\/\/www.gltech.com.ar\/index.php?rest_route=\/wp\/v2\/media\/7041"}],"wp:attachment":[{"href":"https:\/\/www.gltech.com.ar\/index.php?rest_route=%2Fwp%2Fv2%2Fmedia&parent=7040"}],"wp:term":[{"taxonomy":"product_brand","embeddable":true,"href":"https:\/\/www.gltech.com.ar\/index.php?rest_route=%2Fwp%2Fv2%2Fproduct_brand&post=7040"},{"taxonomy":"product_cat","embeddable":true,"href":"https:\/\/www.gltech.com.ar\/index.php?rest_route=%2Fwp%2Fv2%2Fproduct_cat&post=7040"},{"taxonomy":"product_tag","embeddable":true,"href":"https:\/\/www.gltech.com.ar\/index.php?rest_route=%2Fwp%2Fv2%2Fproduct_tag&post=7040"}],"curies":[{"name":"wp","href":"https:\/\/api.w.org\/{rel}","templated":true}]}}