{"id":7031,"date":"2025-09-11T13:34:19","date_gmt":"2025-09-11T13:34:19","guid":{"rendered":"https:\/\/www.gltech.com.ar\/?post_type=product&#038;p=7031"},"modified":"2025-09-11T13:34:19","modified_gmt":"2025-09-11T13:34:19","slug":"accesorios-de-radios-de-gama-comercial-mototrbo","status":"publish","type":"product","link":"https:\/\/www.gltech.com.ar\/?product=accesorios-de-radios-de-gama-comercial-mototrbo","title":{"rendered":"Accesorios de radios de gama comercial MOTOTRBO"},"content":{"rendered":"<p>Los radios MOTOTRBO ya son los mejores de su clase, pero para ayudarlo a trabajar mejor, necesita mejoras<br \/>\nespec\u00edficas para su espacio de trabajo. Desarrollamos una l\u00ednea de accesorios con funciones \u00fanicas dise\u00f1adas<br \/>\npara optimizar el rendimiento de su radio en su entorno de trabajo, desplegando la potencia completa de la<br \/>\nplataforma de radio digital m\u00e1s avanzada de la industria.<\/p>\n<p>&nbsp;<\/p>\n<p><a href=\"https:\/\/www.gltech.com.ar\/wp-content\/uploads\/2025\/09\/CATALOGO-DE-RADIOS-COMERCIALES.pdf\" target=\"_blank\" rel=\"noopener\">VER CAT\u00c1LOGO COMPLETO<\/a><\/p>\n","protected":false},"excerpt":{"rendered":"<p>Los radios MOTOTRBO ya son los mejores de su clase, pero para ayudarlo a trabajar mejor, necesita mejoras espec\u00edficas para su espacio de trabajo. Desarrollamos una l\u00ednea de accesorios con funciones \u00fanicas dise\u00f1adas para optimizar el rendimiento de su radio en su entorno de trabajo, desplegando la potencia completa de la plataforma de radio digital [&hellip;]<\/p>\n","protected":false},"featured_media":7032,"comment_status":"closed","ping_status":"closed","template":"","meta":{"site-sidebar-layout":"default","site-content-layout":"","ast-site-content-layout":"default","site-content-style":"default","site-sidebar-style":"default","ast-global-header-display":"","ast-banner-title-visibility":"","ast-main-header-display":"","ast-hfb-above-header-display":"","ast-hfb-below-header-display":"","ast-hfb-mobile-header-display":"","site-post-title":"","ast-breadcrumbs-content":"","ast-featured-img":"","footer-sml-layout":"","theme-transparent-header-meta":"default","adv-header-id-meta":"","stick-header-meta":"","header-above-stick-meta":"","header-main-stick-meta":"","header-below-stick-meta":"","astra-migrate-meta-layouts":"set","ast-page-background-enabled":"default","ast-page-background-meta":{"desktop":{"background-color":"var(--ast-global-color-4)","background-image":"","background-repeat":"repeat","background-position":"center center","background-size":"auto","background-attachment":"scroll","background-type":"","background-media":"","overlay-type":"","overlay-color":"","overlay-gradient":""},"tablet":{"background-color":"","background-image":"","background-repeat":"repeat","background-position":"center center","background-size":"auto","background-attachment":"scroll","background-type":"","background-media":"","overlay-type":"","overlay-color":"","overlay-gradient":""},"mobile":{"background-color":"","background-image":"","background-repeat":"repeat","background-position":"center center","background-size":"auto","background-attachment":"scroll","background-type":"","background-media":"","overlay-type":"","overlay-color":"","overlay-gradient":""}},"ast-content-background-meta":{"desktop":{"background-color":"var(--ast-global-color-5)","background-image":"","background-repeat":"repeat","background-position":"center center","background-size":"auto","background-attachment":"scroll","background-type":"","background-media":"","overlay-type":"","overlay-color":"","overlay-gradient":""},"tablet":{"background-color":"var(--ast-global-color-5)","background-image":"","background-repeat":"repeat","background-position":"center center","background-size":"auto","background-attachment":"scroll","background-type":"","background-media":"","overlay-type":"","overlay-color":"","overlay-gradient":""},"mobile":{"background-color":"var(--ast-global-color-5)","background-image":"","background-repeat":"repeat","background-position":"center center","background-size":"auto","background-attachment":"scroll","background-type":"","background-media":"","overlay-type":"","overlay-color":"","overlay-gradient":""}}},"product_brand":[],"product_cat":[30],"product_tag":[],"class_list":{"0":"post-7031","1":"product","2":"type-product","3":"status-publish","4":"has-post-thumbnail","6":"product_cat-accesorios","7":"desktop-align-center","8":"tablet-align-left","9":"mobile-align-left","11":"first","12":"instock","13":"shipping-taxable","14":"product-type-simple"},"_links":{"self":[{"href":"https:\/\/www.gltech.com.ar\/index.php?rest_route=\/wp\/v2\/product\/7031","targetHints":{"allow":["GET"]}}],"collection":[{"href":"https:\/\/www.gltech.com.ar\/index.php?rest_route=\/wp\/v2\/product"}],"about":[{"href":"https:\/\/www.gltech.com.ar\/index.php?rest_route=\/wp\/v2\/types\/product"}],"replies":[{"embeddable":true,"href":"https:\/\/www.gltech.com.ar\/index.php?rest_route=%2Fwp%2Fv2%2Fcomments&post=7031"}],"wp:featuredmedia":[{"embeddable":true,"href":"https:\/\/www.gltech.com.ar\/index.php?rest_route=\/wp\/v2\/media\/7032"}],"wp:attachment":[{"href":"https:\/\/www.gltech.com.ar\/index.php?rest_route=%2Fwp%2Fv2%2Fmedia&parent=7031"}],"wp:term":[{"taxonomy":"product_brand","embeddable":true,"href":"https:\/\/www.gltech.com.ar\/index.php?rest_route=%2Fwp%2Fv2%2Fproduct_brand&post=7031"},{"taxonomy":"product_cat","embeddable":true,"href":"https:\/\/www.gltech.com.ar\/index.php?rest_route=%2Fwp%2Fv2%2Fproduct_cat&post=7031"},{"taxonomy":"product_tag","embeddable":true,"href":"https:\/\/www.gltech.com.ar\/index.php?rest_route=%2Fwp%2Fv2%2Fproduct_tag&post=7031"}],"curies":[{"name":"wp","href":"https:\/\/api.w.org\/{rel}","templated":true}]}}