{"id":6564,"date":"2024-06-23T23:21:58","date_gmt":"2024-06-23T23:21:58","guid":{"rendered":"https:\/\/www.gltech.com.ar\/?post_type=product&#038;p=6564"},"modified":"2025-08-26T11:31:46","modified_gmt":"2025-08-26T11:31:46","slug":"duplexor-dpu-33","status":"publish","type":"product","link":"https:\/\/www.gltech.com.ar\/?product=duplexor-dpu-33","title":{"rendered":"Duplexor DPU-33"},"content":{"rendered":"<p>Un duplexor es un dispositivo electr\u00f3nico que permite la comunicaci\u00f3n bidireccional (d\u00faplex) sobre una misma l\u00ednea de transmisi\u00f3n. En sistemas de radar y de comunicaciones de RF, sirve para aislar el receptor del transmisor permitiendo compartir la misma antena.<\/p>\n<p>La mayor\u00eda de los sistemas de repetidores de radio incluyen un duplexor. En los sistemas de comunicaciones de radar y radio, a\u00edsla el receptor del transmisor al mismo tiempo que les permite compartir una antena com\u00fan.<\/p>\n<p>En sitios de antenas compartidas, los duplexores de paso de banda son los preferidos porque eliminan virtualmente la interferencia entre transmisor y receptor al eliminar las emisiones de transmisi\u00f3n fuera de banda y mejorar considerablemente la selectividad de los receptores.<\/p>\n","protected":false},"excerpt":{"rendered":"<p><a href=\"https:\/\/www.gltech.com.ar\/wp-content\/uploads\/2024\/06\/dpu333.pdf\" target=\"_blank\" rel=\"noopener\">Electrical Specifications<\/a><\/p>\n<p><a href=\"https:\/\/www.gltech.com.ar\/wp-content\/uploads\/2024\/06\/dpu_final.png\" target=\"_blank\" rel=\"noopener\"><img decoding=\"async\" class=\"alignnone wp-image-6639 size-thumbnail\" src=\"https:\/\/www.gltech.com.ar\/wp-content\/uploads\/2024\/06\/dpu_final-150x150.png\" alt=\"\" width=\"150\" height=\"150\" srcset=\"https:\/\/www.gltech.com.ar\/wp-content\/uploads\/2024\/06\/dpu_final-150x150.png 150w, https:\/\/www.gltech.com.ar\/wp-content\/uploads\/2024\/06\/dpu_final-300x300.png 300w, https:\/\/www.gltech.com.ar\/wp-content\/uploads\/2024\/06\/dpu_final-100x100.png 100w\" sizes=\"(max-width: 150px) 100vw, 150px\" \/><\/a><\/p>\n<p><a href=\"https:\/\/www.gltech.com.ar\/wp-content\/uploads\/2024\/06\/dpu_mechanical.pdf\" target=\"_blank\" rel=\"noopener\">Mechanical Specifications<\/a><\/p>\n<p><a href=\"https:\/\/www.gltech.com.ar\/wp-content\/uploads\/2024\/06\/dpu_mechanical.png\" target=\"_blank\" rel=\"noopener\"><img decoding=\"async\" class=\"alignnone wp-image-6641 size-thumbnail\" src=\"https:\/\/www.gltech.com.ar\/wp-content\/uploads\/2024\/06\/dpu_mechanical-150x150.png\" alt=\"\" width=\"150\" height=\"150\" srcset=\"https:\/\/www.gltech.com.ar\/wp-content\/uploads\/2024\/06\/dpu_mechanical-150x150.png 150w, https:\/\/www.gltech.com.ar\/wp-content\/uploads\/2024\/06\/dpu_mechanical-300x300.png 300w, https:\/\/www.gltech.com.ar\/wp-content\/uploads\/2024\/06\/dpu_mechanical-100x100.png 100w\" sizes=\"(max-width: 150px) 100vw, 150px\" \/><\/a><\/p>\n","protected":false},"featured_media":6900,"comment_status":"closed","ping_status":"closed","template":"","meta":{"site-sidebar-layout":"default","site-content-layout":"","ast-site-content-layout":"default","site-content-style":"default","site-sidebar-style":"default","ast-global-header-display":"","ast-banner-title-visibility":"","ast-main-header-display":"","ast-hfb-above-header-display":"","ast-hfb-below-header-display":"","ast-hfb-mobile-header-display":"","site-post-title":"","ast-breadcrumbs-content":"","ast-featured-img":"","footer-sml-layout":"","theme-transparent-header-meta":"default","adv-header-id-meta":"","stick-header-meta":"","header-above-stick-meta":"","header-main-stick-meta":"","header-below-stick-meta":"","astra-migrate-meta-layouts":"set","ast-page-background-enabled":"default","ast-page-background-meta":{"desktop":{"background-color":"var(--ast-global-color-4)","background-image":"","background-repeat":"repeat","background-position":"center center","background-size":"auto","background-attachment":"scroll","background-type":"","background-media":"","overlay-type":"","overlay-color":"","overlay-gradient":""},"tablet":{"background-color":"","background-image":"","background-repeat":"repeat","background-position":"center center","background-size":"auto","background-attachment":"scroll","background-type":"","background-media":"","overlay-type":"","overlay-color":"","overlay-gradient":""},"mobile":{"background-color":"","background-image":"","background-repeat":"repeat","background-position":"center center","background-size":"auto","background-attachment":"scroll","background-type":"","background-media":"","overlay-type":"","overlay-color":"","overlay-gradient":""}},"ast-content-background-meta":{"desktop":{"background-color":"var(--ast-global-color-5)","background-image":"","background-repeat":"repeat","background-position":"center center","background-size":"auto","background-attachment":"scroll","background-type":"","background-media":"","overlay-type":"","overlay-color":"","overlay-gradient":""},"tablet":{"background-color":"var(--ast-global-color-5)","background-image":"","background-repeat":"repeat","background-position":"center center","background-size":"auto","background-attachment":"scroll","background-type":"","background-media":"","overlay-type":"","overlay-color":"","overlay-gradient":""},"mobile":{"background-color":"var(--ast-global-color-5)","background-image":"","background-repeat":"repeat","background-position":"center center","background-size":"auto","background-attachment":"scroll","background-type":"","background-media":"","overlay-type":"","overlay-color":"","overlay-gradient":""}}},"product_brand":[],"product_cat":[29],"product_tag":[],"class_list":{"0":"post-6564","1":"product","2":"type-product","3":"status-publish","4":"has-post-thumbnail","6":"product_cat-duplexores","7":"desktop-align-center","8":"tablet-align-left","9":"mobile-align-left","11":"first","12":"instock","13":"virtual","14":"product-type-simple"},"_links":{"self":[{"href":"https:\/\/www.gltech.com.ar\/index.php?rest_route=\/wp\/v2\/product\/6564","targetHints":{"allow":["GET"]}}],"collection":[{"href":"https:\/\/www.gltech.com.ar\/index.php?rest_route=\/wp\/v2\/product"}],"about":[{"href":"https:\/\/www.gltech.com.ar\/index.php?rest_route=\/wp\/v2\/types\/product"}],"replies":[{"embeddable":true,"href":"https:\/\/www.gltech.com.ar\/index.php?rest_route=%2Fwp%2Fv2%2Fcomments&post=6564"}],"wp:featuredmedia":[{"embeddable":true,"href":"https:\/\/www.gltech.com.ar\/index.php?rest_route=\/wp\/v2\/media\/6900"}],"wp:attachment":[{"href":"https:\/\/www.gltech.com.ar\/index.php?rest_route=%2Fwp%2Fv2%2Fmedia&parent=6564"}],"wp:term":[{"taxonomy":"product_brand","embeddable":true,"href":"https:\/\/www.gltech.com.ar\/index.php?rest_route=%2Fwp%2Fv2%2Fproduct_brand&post=6564"},{"taxonomy":"product_cat","embeddable":true,"href":"https:\/\/www.gltech.com.ar\/index.php?rest_route=%2Fwp%2Fv2%2Fproduct_cat&post=6564"},{"taxonomy":"product_tag","embeddable":true,"href":"https:\/\/www.gltech.com.ar\/index.php?rest_route=%2Fwp%2Fv2%2Fproduct_tag&post=6564"}],"curies":[{"name":"wp","href":"https:\/\/api.w.org\/{rel}","templated":true}]}}