{"id":6357,"date":"2024-03-10T20:01:38","date_gmt":"2024-03-10T20:01:38","guid":{"rendered":"https:\/\/www.gltech.com.ar\/?post_type=product&#038;p=6357"},"modified":"2025-08-26T11:31:53","modified_gmt":"2025-08-26T11:31:53","slug":"rm780-rm760-impres-microfono-con-altavoz-remoto","status":"publish","type":"product","link":"https:\/\/www.gltech.com.ar\/?product=rm780-rm760-impres-microfono-con-altavoz-remoto","title":{"rendered":"RM780\/RM760 MICR\u00d3FONO CON ALTAVOZ REMOTO"},"content":{"rendered":"<p>Equipado con un parlante fuerte y claro, el Micr\u00f3fono con Altavoz Remoto (RSM) RM780 con cable ofrece nuestro mejor dise\u00f1o con el ultimo clip giratorio de bajo perfil que mantiene al RSM cerca de su cuerpo.<br \/>\nCuenta con 2 botones programables a los costados, bot\u00f3n de emergencia y control del volumen el sistema en la parte superior. El RM780 tiene una entrada de audio de 3,5mm que admite el auricular de tubo transl\u00facido de s\u00f3lo recepci\u00f3n, PMLN8120. El RM780 tiene una clasificaci\u00f3n IP68 (2m 4 horas) y admite el requerimiento de Motorola Solutions de funcionar cuando est\u00e1 mojado, el cual facilita que el agua se drene instant\u00e1neamente del RSM para permitir una comunicaci\u00f3n clara. El RM760 tiene el mismo rendimiento de audio superior que el RM780 en un dise\u00f1o m\u00e1s simple. El RM760 cuenta con una entrada de audio de 3,5mm, tiene certificaci\u00f3n IP68 y tambi\u00e9n tiene la capacidad de funcionar cuando est\u00e1 mojado.<\/p>\n","protected":false},"excerpt":{"rendered":"<p>Su flota necesita comunicarse sin demoras y es esencial que puedan escuchar y ser escuchados de manera clara, especialmente en entornos ruidosos.<\/p>\n","protected":false},"featured_media":6358,"comment_status":"closed","ping_status":"closed","template":"","meta":{"site-sidebar-layout":"default","site-content-layout":"","ast-site-content-layout":"normal-width-container","site-content-style":"default","site-sidebar-style":"default","ast-global-header-display":"","ast-banner-title-visibility":"","ast-main-header-display":"","ast-hfb-above-header-display":"","ast-hfb-below-header-display":"","ast-hfb-mobile-header-display":"","site-post-title":"","ast-breadcrumbs-content":"","ast-featured-img":"","footer-sml-layout":"","theme-transparent-header-meta":"default","adv-header-id-meta":"","stick-header-meta":"","header-above-stick-meta":"","header-main-stick-meta":"","header-below-stick-meta":"","astra-migrate-meta-layouts":"set","ast-page-background-enabled":"default","ast-page-background-meta":{"desktop":{"background-color":"var(--ast-global-color-4)","background-image":"","background-repeat":"repeat","background-position":"center center","background-size":"auto","background-attachment":"scroll","background-type":"","background-media":"","overlay-type":"","overlay-color":"","overlay-gradient":""},"tablet":{"background-color":"","background-image":"","background-repeat":"repeat","background-position":"center center","background-size":"auto","background-attachment":"scroll","background-type":"","background-media":"","overlay-type":"","overlay-color":"","overlay-gradient":""},"mobile":{"background-color":"","background-image":"","background-repeat":"repeat","background-position":"center center","background-size":"auto","background-attachment":"scroll","background-type":"","background-media":"","overlay-type":"","overlay-color":"","overlay-gradient":""}},"ast-content-background-meta":{"desktop":{"background-color":"var(--ast-global-color-5)","background-image":"","background-repeat":"repeat","background-position":"center center","background-size":"auto","background-attachment":"scroll","background-type":"","background-media":"","overlay-type":"","overlay-color":"","overlay-gradient":""},"tablet":{"background-color":"var(--ast-global-color-5)","background-image":"","background-repeat":"repeat","background-position":"center center","background-size":"auto","background-attachment":"scroll","background-type":"","background-media":"","overlay-type":"","overlay-color":"","overlay-gradient":""},"mobile":{"background-color":"var(--ast-global-color-5)","background-image":"","background-repeat":"repeat","background-position":"center center","background-size":"auto","background-attachment":"scroll","background-type":"","background-media":"","overlay-type":"","overlay-color":"","overlay-gradient":""}}},"product_brand":[],"product_cat":[24],"product_tag":[],"class_list":{"0":"post-6357","1":"product","2":"type-product","3":"status-publish","4":"has-post-thumbnail","6":"product_cat-sin-categorizar","7":"desktop-align-center","8":"tablet-align-left","9":"mobile-align-left","11":"first","12":"instock","13":"virtual","14":"product-type-simple"},"_links":{"self":[{"href":"https:\/\/www.gltech.com.ar\/index.php?rest_route=\/wp\/v2\/product\/6357","targetHints":{"allow":["GET"]}}],"collection":[{"href":"https:\/\/www.gltech.com.ar\/index.php?rest_route=\/wp\/v2\/product"}],"about":[{"href":"https:\/\/www.gltech.com.ar\/index.php?rest_route=\/wp\/v2\/types\/product"}],"replies":[{"embeddable":true,"href":"https:\/\/www.gltech.com.ar\/index.php?rest_route=%2Fwp%2Fv2%2Fcomments&post=6357"}],"wp:featuredmedia":[{"embeddable":true,"href":"https:\/\/www.gltech.com.ar\/index.php?rest_route=\/wp\/v2\/media\/6358"}],"wp:attachment":[{"href":"https:\/\/www.gltech.com.ar\/index.php?rest_route=%2Fwp%2Fv2%2Fmedia&parent=6357"}],"wp:term":[{"taxonomy":"product_brand","embeddable":true,"href":"https:\/\/www.gltech.com.ar\/index.php?rest_route=%2Fwp%2Fv2%2Fproduct_brand&post=6357"},{"taxonomy":"product_cat","embeddable":true,"href":"https:\/\/www.gltech.com.ar\/index.php?rest_route=%2Fwp%2Fv2%2Fproduct_cat&post=6357"},{"taxonomy":"product_tag","embeddable":true,"href":"https:\/\/www.gltech.com.ar\/index.php?rest_route=%2Fwp%2Fv2%2Fproduct_tag&post=6357"}],"curies":[{"name":"wp","href":"https:\/\/api.w.org\/{rel}","templated":true}]}}