{"id":6225,"date":"2024-02-23T01:13:27","date_gmt":"2024-02-23T01:13:27","guid":{"rendered":"https:\/\/www.gltech.com.ar\/?post_type=product&#038;p=6225"},"modified":"2025-08-26T11:32:40","modified_gmt":"2025-08-26T11:32:40","slug":"mototrbo-ion","status":"publish","type":"product","link":"https:\/\/www.gltech.com.ar\/?product=mototrbo-ion","title":{"rendered":"MOTOTRBO ION"},"content":{"rendered":"<p>La radio inteligente MOTOTRBOTM Ion es el primer dispositivo de comunicaci\u00f3n adaptado para los negocios que incluye todas las capacidades de datos para voz y ancho de banda. Incluye el reconocido PTT (Push-To-Talk\/Pulsar para Hablar), un ecosistema de aplicaciones de c\u00f3digo abierto en la plataforma Android, as\u00ed como el ecosistema de tecnolog\u00eda unificada de Motorola Solutions; desde las soluciones de anal\u00edtica y video, la mejor seguridad en redes de su clase, hasta poderosos serviciosnuevos de software y tecnolog\u00eda como los asistentes virtuales inteligentes.<\/p>\n<p>&nbsp;<\/p>\n<p><strong><a href=\"https:\/\/www.gltech.com.ar\/wp-content\/uploads\/2024\/02\/Ion.pdf\">Ver Folleto<\/a><\/strong><\/p>\n","protected":false},"excerpt":{"rendered":"<p>Su negocio utiliza voz y datos. Pero si sus dispositivos solo pueden acceder a uno de esos recursos, usted requiere lo mejor de los dos mundos.<\/p>\n","protected":false},"featured_media":6227,"comment_status":"closed","ping_status":"closed","template":"","meta":{"site-sidebar-layout":"default","site-content-layout":"","ast-site-content-layout":"default","site-content-style":"boxed","site-sidebar-style":"default","ast-global-header-display":"","ast-banner-title-visibility":"","ast-main-header-display":"","ast-hfb-above-header-display":"","ast-hfb-below-header-display":"","ast-hfb-mobile-header-display":"","site-post-title":"","ast-breadcrumbs-content":"","ast-featured-img":"","footer-sml-layout":"","theme-transparent-header-meta":"default","adv-header-id-meta":"","stick-header-meta":"","header-above-stick-meta":"","header-main-stick-meta":"","header-below-stick-meta":"","astra-migrate-meta-layouts":"set","ast-page-background-enabled":"default","ast-page-background-meta":{"desktop":{"background-color":"var(--ast-global-color-4)","background-image":"","background-repeat":"repeat","background-position":"center center","background-size":"auto","background-attachment":"scroll","background-type":"","background-media":"","overlay-type":"","overlay-color":"","overlay-gradient":""},"tablet":{"background-color":"","background-image":"","background-repeat":"repeat","background-position":"center center","background-size":"auto","background-attachment":"scroll","background-type":"","background-media":"","overlay-type":"","overlay-color":"","overlay-gradient":""},"mobile":{"background-color":"","background-image":"","background-repeat":"repeat","background-position":"center center","background-size":"auto","background-attachment":"scroll","background-type":"","background-media":"","overlay-type":"","overlay-color":"","overlay-gradient":""}},"ast-content-background-meta":{"desktop":{"background-color":"var(--ast-global-color-5)","background-image":"","background-repeat":"repeat","background-position":"center center","background-size":"auto","background-attachment":"scroll","background-type":"","background-media":"","overlay-type":"","overlay-color":"","overlay-gradient":""},"tablet":{"background-color":"var(--ast-global-color-5)","background-image":"","background-repeat":"repeat","background-position":"center center","background-size":"auto","background-attachment":"scroll","background-type":"","background-media":"","overlay-type":"","overlay-color":"","overlay-gradient":""},"mobile":{"background-color":"var(--ast-global-color-5)","background-image":"","background-repeat":"repeat","background-position":"center center","background-size":"auto","background-attachment":"scroll","background-type":"","background-media":"","overlay-type":"","overlay-color":"","overlay-gradient":""}}},"product_brand":[],"product_cat":[27],"product_tag":[],"class_list":{"0":"post-6225","1":"product","2":"type-product","3":"status-publish","4":"has-post-thumbnail","6":"product_cat-serie-high-tier","7":"desktop-align-center","8":"tablet-align-left","9":"mobile-align-left","11":"first","12":"instock","13":"virtual","14":"product-type-simple"},"_links":{"self":[{"href":"https:\/\/www.gltech.com.ar\/index.php?rest_route=\/wp\/v2\/product\/6225","targetHints":{"allow":["GET"]}}],"collection":[{"href":"https:\/\/www.gltech.com.ar\/index.php?rest_route=\/wp\/v2\/product"}],"about":[{"href":"https:\/\/www.gltech.com.ar\/index.php?rest_route=\/wp\/v2\/types\/product"}],"replies":[{"embeddable":true,"href":"https:\/\/www.gltech.com.ar\/index.php?rest_route=%2Fwp%2Fv2%2Fcomments&post=6225"}],"wp:featuredmedia":[{"embeddable":true,"href":"https:\/\/www.gltech.com.ar\/index.php?rest_route=\/wp\/v2\/media\/6227"}],"wp:attachment":[{"href":"https:\/\/www.gltech.com.ar\/index.php?rest_route=%2Fwp%2Fv2%2Fmedia&parent=6225"}],"wp:term":[{"taxonomy":"product_brand","embeddable":true,"href":"https:\/\/www.gltech.com.ar\/index.php?rest_route=%2Fwp%2Fv2%2Fproduct_brand&post=6225"},{"taxonomy":"product_cat","embeddable":true,"href":"https:\/\/www.gltech.com.ar\/index.php?rest_route=%2Fwp%2Fv2%2Fproduct_cat&post=6225"},{"taxonomy":"product_tag","embeddable":true,"href":"https:\/\/www.gltech.com.ar\/index.php?rest_route=%2Fwp%2Fv2%2Fproduct_tag&post=6225"}],"curies":[{"name":"wp","href":"https:\/\/api.w.org\/{rel}","templated":true}]}}