{"id":6223,"date":"2024-02-23T01:02:40","date_gmt":"2024-02-23T01:02:40","guid":{"rendered":"https:\/\/www.gltech.com.ar\/?post_type=product&#038;p=6223"},"modified":"2025-08-26T11:32:46","modified_gmt":"2025-08-26T11:32:46","slug":"mototrbo-r7","status":"publish","type":"product","link":"https:\/\/www.gltech.com.ar\/?product=mototrbo-r7","title":{"rendered":"MOTOTRBO R7"},"content":{"rendered":"<p>La Supresi\u00f3n de Ruido del Micr\u00f3fono Dual Adaptable del MOTOTRBO R7 brinda una cancelaci\u00f3n de ruido revolucionaria. La Supresi\u00f3n Autom\u00e1tica de Retroalimentaci\u00f3n Ac\u00fastica cancela de forma inteligente la interferencia de otras radios cercanas, para una experiencia de comunicaci\u00f3n perfecta en zonas concurridas. El Audio Inteligente supervisa el ruido de fondo y ajusta el volumen del parlante para que los usuarios no tengan que hacerlo, garantizando que las llamadas tengan siempre el volumen perfecto.<\/p>\n<p>&nbsp;<\/p>\n<p><strong><a href=\"https:\/\/www.gltech.com.ar\/wp-content\/uploads\/2024\/02\/R7.pdf\">Ver Folleto<\/a><\/strong><\/p>\n","protected":false},"excerpt":{"rendered":"<p>Capacidades de audio revolucionarias en un dispositivo robusto<\/p>\n","protected":false},"featured_media":6224,"comment_status":"closed","ping_status":"closed","template":"","meta":{"site-sidebar-layout":"default","site-content-layout":"","ast-site-content-layout":"default","site-content-style":"boxed","site-sidebar-style":"default","ast-global-header-display":"","ast-banner-title-visibility":"","ast-main-header-display":"","ast-hfb-above-header-display":"","ast-hfb-below-header-display":"","ast-hfb-mobile-header-display":"","site-post-title":"","ast-breadcrumbs-content":"","ast-featured-img":"","footer-sml-layout":"","theme-transparent-header-meta":"default","adv-header-id-meta":"","stick-header-meta":"","header-above-stick-meta":"","header-main-stick-meta":"","header-below-stick-meta":"","astra-migrate-meta-layouts":"set","ast-page-background-enabled":"default","ast-page-background-meta":{"desktop":{"background-color":"var(--ast-global-color-4)","background-image":"","background-repeat":"repeat","background-position":"center center","background-size":"auto","background-attachment":"scroll","background-type":"","background-media":"","overlay-type":"","overlay-color":"","overlay-gradient":""},"tablet":{"background-color":"","background-image":"","background-repeat":"repeat","background-position":"center center","background-size":"auto","background-attachment":"scroll","background-type":"","background-media":"","overlay-type":"","overlay-color":"","overlay-gradient":""},"mobile":{"background-color":"","background-image":"","background-repeat":"repeat","background-position":"center center","background-size":"auto","background-attachment":"scroll","background-type":"","background-media":"","overlay-type":"","overlay-color":"","overlay-gradient":""}},"ast-content-background-meta":{"desktop":{"background-color":"var(--ast-global-color-5)","background-image":"","background-repeat":"repeat","background-position":"center center","background-size":"auto","background-attachment":"scroll","background-type":"","background-media":"","overlay-type":"","overlay-color":"","overlay-gradient":""},"tablet":{"background-color":"var(--ast-global-color-5)","background-image":"","background-repeat":"repeat","background-position":"center center","background-size":"auto","background-attachment":"scroll","background-type":"","background-media":"","overlay-type":"","overlay-color":"","overlay-gradient":""},"mobile":{"background-color":"var(--ast-global-color-5)","background-image":"","background-repeat":"repeat","background-position":"center center","background-size":"auto","background-attachment":"scroll","background-type":"","background-media":"","overlay-type":"","overlay-color":"","overlay-gradient":""}}},"product_brand":[],"product_cat":[27],"product_tag":[],"class_list":{"0":"post-6223","1":"product","2":"type-product","3":"status-publish","4":"has-post-thumbnail","6":"product_cat-serie-high-tier","7":"desktop-align-center","8":"tablet-align-left","9":"mobile-align-left","11":"first","12":"instock","13":"virtual","14":"product-type-simple"},"_links":{"self":[{"href":"https:\/\/www.gltech.com.ar\/index.php?rest_route=\/wp\/v2\/product\/6223","targetHints":{"allow":["GET"]}}],"collection":[{"href":"https:\/\/www.gltech.com.ar\/index.php?rest_route=\/wp\/v2\/product"}],"about":[{"href":"https:\/\/www.gltech.com.ar\/index.php?rest_route=\/wp\/v2\/types\/product"}],"replies":[{"embeddable":true,"href":"https:\/\/www.gltech.com.ar\/index.php?rest_route=%2Fwp%2Fv2%2Fcomments&post=6223"}],"wp:featuredmedia":[{"embeddable":true,"href":"https:\/\/www.gltech.com.ar\/index.php?rest_route=\/wp\/v2\/media\/6224"}],"wp:attachment":[{"href":"https:\/\/www.gltech.com.ar\/index.php?rest_route=%2Fwp%2Fv2%2Fmedia&parent=6223"}],"wp:term":[{"taxonomy":"product_brand","embeddable":true,"href":"https:\/\/www.gltech.com.ar\/index.php?rest_route=%2Fwp%2Fv2%2Fproduct_brand&post=6223"},{"taxonomy":"product_cat","embeddable":true,"href":"https:\/\/www.gltech.com.ar\/index.php?rest_route=%2Fwp%2Fv2%2Fproduct_cat&post=6223"},{"taxonomy":"product_tag","embeddable":true,"href":"https:\/\/www.gltech.com.ar\/index.php?rest_route=%2Fwp%2Fv2%2Fproduct_tag&post=6223"}],"curies":[{"name":"wp","href":"https:\/\/api.w.org\/{rel}","templated":true}]}}