{"id":6221,"date":"2024-02-23T00:58:30","date_gmt":"2024-02-23T00:58:30","guid":{"rendered":"https:\/\/www.gltech.com.ar\/?post_type=product&#038;p=6221"},"modified":"2025-08-26T11:32:52","modified_gmt":"2025-08-26T11:32:52","slug":"mototrbo-dem-300-400","status":"publish","type":"product","link":"https:\/\/www.gltech.com.ar\/?product=mototrbo-dem-300-400","title":{"rendered":"MOTOTRBO DEM 300 &#8211; 400"},"content":{"rendered":"<p>Los radios MOTOTRBO DEM 300 y DEM 400 est\u00e1n disponibles como radios m\u00f3viles anal\u00f3gicos\/digitales, con todos los beneficios de la tecnolog\u00eda m\u00e1s moderna, desde una calidad de audio extra fuerte hasta mayor cobertura. Estos dispositivos asequibles son compatibles con las funciones avanzadas de MOTOTRBO esenciales para su empresa; por ejemplo, la posibilidad de interrumpir una transmisi\u00f3n para priorizar comunicaciones cr\u00edticas.<\/p>\n<p>&nbsp;<\/p>\n<p><strong><a href=\"https:\/\/www.gltech.com.ar\/wp-content\/uploads\/2024\/02\/Dem300-400.pdf\">Ver Folleto<\/a><\/strong><\/p>\n","protected":false},"excerpt":{"rendered":"<p>Para el usuario diario que desea permanecer conectado<\/p>\n","protected":false},"featured_media":6222,"comment_status":"closed","ping_status":"closed","template":"","meta":{"site-sidebar-layout":"default","site-content-layout":"","ast-site-content-layout":"default","site-content-style":"boxed","site-sidebar-style":"default","ast-global-header-display":"","ast-banner-title-visibility":"","ast-main-header-display":"","ast-hfb-above-header-display":"","ast-hfb-below-header-display":"","ast-hfb-mobile-header-display":"","site-post-title":"","ast-breadcrumbs-content":"","ast-featured-img":"","footer-sml-layout":"","theme-transparent-header-meta":"default","adv-header-id-meta":"","stick-header-meta":"","header-above-stick-meta":"","header-main-stick-meta":"","header-below-stick-meta":"","astra-migrate-meta-layouts":"set","ast-page-background-enabled":"default","ast-page-background-meta":{"desktop":{"background-color":"var(--ast-global-color-4)","background-image":"","background-repeat":"repeat","background-position":"center center","background-size":"auto","background-attachment":"scroll","background-type":"","background-media":"","overlay-type":"","overlay-color":"","overlay-gradient":""},"tablet":{"background-color":"","background-image":"","background-repeat":"repeat","background-position":"center center","background-size":"auto","background-attachment":"scroll","background-type":"","background-media":"","overlay-type":"","overlay-color":"","overlay-gradient":""},"mobile":{"background-color":"","background-image":"","background-repeat":"repeat","background-position":"center center","background-size":"auto","background-attachment":"scroll","background-type":"","background-media":"","overlay-type":"","overlay-color":"","overlay-gradient":""}},"ast-content-background-meta":{"desktop":{"background-color":"var(--ast-global-color-5)","background-image":"","background-repeat":"repeat","background-position":"center center","background-size":"auto","background-attachment":"scroll","background-type":"","background-media":"","overlay-type":"","overlay-color":"","overlay-gradient":""},"tablet":{"background-color":"var(--ast-global-color-5)","background-image":"","background-repeat":"repeat","background-position":"center center","background-size":"auto","background-attachment":"scroll","background-type":"","background-media":"","overlay-type":"","overlay-color":"","overlay-gradient":""},"mobile":{"background-color":"var(--ast-global-color-5)","background-image":"","background-repeat":"repeat","background-position":"center center","background-size":"auto","background-attachment":"scroll","background-type":"","background-media":"","overlay-type":"","overlay-color":"","overlay-gradient":""}}},"product_brand":[],"product_cat":[26],"product_tag":[],"class_list":{"0":"post-6221","1":"product","2":"type-product","3":"status-publish","4":"has-post-thumbnail","6":"product_cat-serie-mid-tier","7":"desktop-align-center","8":"tablet-align-left","9":"mobile-align-left","11":"first","12":"instock","13":"virtual","14":"product-type-simple"},"_links":{"self":[{"href":"https:\/\/www.gltech.com.ar\/index.php?rest_route=\/wp\/v2\/product\/6221","targetHints":{"allow":["GET"]}}],"collection":[{"href":"https:\/\/www.gltech.com.ar\/index.php?rest_route=\/wp\/v2\/product"}],"about":[{"href":"https:\/\/www.gltech.com.ar\/index.php?rest_route=\/wp\/v2\/types\/product"}],"replies":[{"embeddable":true,"href":"https:\/\/www.gltech.com.ar\/index.php?rest_route=%2Fwp%2Fv2%2Fcomments&post=6221"}],"wp:featuredmedia":[{"embeddable":true,"href":"https:\/\/www.gltech.com.ar\/index.php?rest_route=\/wp\/v2\/media\/6222"}],"wp:attachment":[{"href":"https:\/\/www.gltech.com.ar\/index.php?rest_route=%2Fwp%2Fv2%2Fmedia&parent=6221"}],"wp:term":[{"taxonomy":"product_brand","embeddable":true,"href":"https:\/\/www.gltech.com.ar\/index.php?rest_route=%2Fwp%2Fv2%2Fproduct_brand&post=6221"},{"taxonomy":"product_cat","embeddable":true,"href":"https:\/\/www.gltech.com.ar\/index.php?rest_route=%2Fwp%2Fv2%2Fproduct_cat&post=6221"},{"taxonomy":"product_tag","embeddable":true,"href":"https:\/\/www.gltech.com.ar\/index.php?rest_route=%2Fwp%2Fv2%2Fproduct_tag&post=6221"}],"curies":[{"name":"wp","href":"https:\/\/api.w.org\/{rel}","templated":true}]}}